{"id":50,"date":"2019-09-14T14:13:01","date_gmt":"2019-09-14T14:13:01","guid":{"rendered":"http:\/\/xn--grshopperne-b9a.dk\/?page_id=50"},"modified":"2026-05-05T20:24:30","modified_gmt":"2026-05-05T20:24:30","slug":"velkommen","status":"publish","type":"page","link":"https:\/\/xn--grshopperne-b9a.dk\/","title":{"rendered":"Velkommen."},"content":{"rendered":"\n<p>Mit navn er Lene Sutek Vander, jeg er 46 \u00e5r og har sammenlagt 13 \u00e5rs erfaring med pasning af b\u00f8rn, i forbindelse med privat pasningsordning. Jeg kan tilbyde dit barn en plads i trygge rammer, sammen med h\u00f8jst 4 andre b\u00f8rn i alderen 6 mdr. til 2 \u00e5r og 10 mdr. Mit hjem er b\u00e5de r\u00f8gfrit og dyre frit.<\/p>\n\n\n\n<p>Jeg bor p\u00e5 :<\/p>\n\n\n\n<p>N\u00f8ddehaven 17, Bullerup, 5320 Agedrup         <br>mobil: 20259716.  <br>Mail: lenesutek@hotmail.com           <\/p>\n\n\n\n<p>                                                                                                      &#8211; KUN 10 min. fra odense                                                                                                                                                                &#8211;  2 min. fra Ring 3                                                                                                                                                                                &#8211; 1\u00bd min fra kertemindevejen,                                                                                                                                               &#8211; 10-12 min. fra Munkebo                                                                                                                                                    godt 20 min fra Kerteminde. \ud83d\ude09<\/p>\n\n\n\n<p>Jeg bor her:<\/p>\n\n\n\n<p><a href=\"https:\/\/goo.gl\/maps\/q4jySA6mgLbABUCQ8\">https:\/\/goo.gl\/maps\/q4jySA6mgLbABUCQ8<\/a><\/p>\n\n\n\n<figure class=\"wp-block-image\"><img decoding=\"async\" loading=\"lazy\" width=\"1024\" height=\"1024\" src=\"http:\/\/xn--grshopperne-b9a.dk\/wp-content\/uploads\/2019\/09\/VFCR5745-1024x1024.jpg\" alt=\"\" class=\"wp-image-67\" srcset=\"https:\/\/xn--grshopperne-b9a.dk\/wp-content\/uploads\/2019\/09\/VFCR5745-1024x1024.jpg 1024w, https:\/\/xn--grshopperne-b9a.dk\/wp-content\/uploads\/2019\/09\/VFCR5745-150x150.jpg 150w, https:\/\/xn--grshopperne-b9a.dk\/wp-content\/uploads\/2019\/09\/VFCR5745-300x300.jpg 300w, https:\/\/xn--grshopperne-b9a.dk\/wp-content\/uploads\/2019\/09\/VFCR5745-768x768.jpg 768w, https:\/\/xn--grshopperne-b9a.dk\/wp-content\/uploads\/2019\/09\/VFCR5745-100x100.jpg 100w, https:\/\/xn--grshopperne-b9a.dk\/wp-content\/uploads\/2019\/09\/VFCR5745.jpg 2048w\" sizes=\"(max-width: 767px) 89vw, (max-width: 1000px) 54vw, (max-width: 1071px) 543px, 580px\" \/><\/figure>\n","protected":false},"excerpt":{"rendered":"<p>Mit navn er Lene Sutek Vander, jeg er 46 \u00e5r og har sammenlagt 13 \u00e5rs erfaring med pasning af b\u00f8rn, i forbindelse med privat pasningsordning. Jeg kan tilbyde dit barn en plads i trygge rammer, sammen med h\u00f8jst 4 andre b\u00f8rn i alderen 6 mdr. til 2 \u00e5r og 10 mdr. Mit hjem er b\u00e5de &hellip; <\/p>\n<p class=\"link-more\"><a href=\"https:\/\/xn--grshopperne-b9a.dk\/\" class=\"more-link\">L\u00e6s videre<span class=\"screen-reader-text\"> &#8220;Velkommen.&#8221;<\/span><\/a><\/p>\n","protected":false},"author":1,"featured_media":0,"parent":0,"menu_order":0,"comment_status":"closed","ping_status":"closed","template":"","meta":[],"_links":{"self":[{"href":"https:\/\/xn--grshopperne-b9a.dk\/index.php?rest_route=\/wp\/v2\/pages\/50"}],"collection":[{"href":"https:\/\/xn--grshopperne-b9a.dk\/index.php?rest_route=\/wp\/v2\/pages"}],"about":[{"href":"https:\/\/xn--grshopperne-b9a.dk\/index.php?rest_route=\/wp\/v2\/types\/page"}],"author":[{"embeddable":true,"href":"https:\/\/xn--grshopperne-b9a.dk\/index.php?rest_route=\/wp\/v2\/users\/1"}],"replies":[{"embeddable":true,"href":"https:\/\/xn--grshopperne-b9a.dk\/index.php?rest_route=%2Fwp%2Fv2%2Fcomments&post=50"}],"version-history":[{"count":9,"href":"https:\/\/xn--grshopperne-b9a.dk\/index.php?rest_route=\/wp\/v2\/pages\/50\/revisions"}],"predecessor-version":[{"id":231,"href":"https:\/\/xn--grshopperne-b9a.dk\/index.php?rest_route=\/wp\/v2\/pages\/50\/revisions\/231"}],"wp:attachment":[{"href":"https:\/\/xn--grshopperne-b9a.dk\/index.php?rest_route=%2Fwp%2Fv2%2Fmedia&parent=50"}],"curies":[{"name":"wp","href":"https:\/\/api.w.org\/{rel}","templated":true}]}}